{"id":13785,"date":"2024-07-17T07:36:15","date_gmt":"2024-07-17T07:36:15","guid":{"rendered":"https:\/\/salutenergie.ro\/?post_type=product&#038;p=13785"},"modified":"2024-07-17T07:36:15","modified_gmt":"2024-07-17T07:36:15","slug":"invertor-deye-ongrid-5kw-prosumator-sun-5k-g06p3","status":"publish","type":"product","link":"https:\/\/salutenergie.ro\/index.php\/product\/invertor-deye-ongrid-5kw-prosumator-sun-5k-g06p3\/","title":{"rendered":"Invertor DEYE Ongrid 5kW Prosumator SUN-5K-G06P3"},"content":{"rendered":"<p>Ningbo Deye Inverter Technology Co., Ltd., fondat\u0103 \u00een 2007, cu un capital social de 300 de milioane RMB, este una dintre \u00eentreprinderile de \u00eenalt\u0103 tehnologie din China \u0219i o filial\u0103 a Grupului Deye. Cu o suprafa\u021b\u0103 a fabricii de peste 15.000\u33a1 \u0219i echipamente complete de produc\u021bie \u0219i testare, Deye a devenit un juc\u0103tor important pe pia\u021ba global\u0103 a invertoarelor solare. Ningbo Deye Inverter Technology Co., Ltd. este dedicat\u0103 furniz\u0103rii de solu\u021bii complete de sisteme de energie fotovoltaic\u0103, inclusiv solu\u021bii pentru centrale electrice reziden\u021biale \u0219i comerciale. De asemenea, Deye ofer\u0103 dispozitivul potrivit pentru fiecare aplica\u021bie: pentru toate tipurile de module, pentru re\u021bele de conectare la re\u021bea \u0219i de sine st\u0103t\u0103toare, precum \u0219i pentru sisteme hibride cu invertor, pentru sisteme mici \u0219i sisteme comerciale din gama Megawatt. Printre acestea, puterea invertorului PV conectat la re\u021bea variaz\u0103 de la 1,5-110kW, invertorul hibrid 3kW-50kW \u0219i microinvertorul 300W-2000W. Ca companie orientat\u0103 spre tehnologie, Deye s-a angajat \u00eentotdeauna s\u0103 cerceteze \u0219i s\u0103 dezvolte noi tehnologii de ultim\u0103 or\u0103 pentru a oferi produse eficiente \u0219i fiabile. De exemplu, Deye adopt\u0103 topologia cu trei niveluri de tip T \u0219i algoritmul SVPWM \u00eembun\u0103t\u0103\u021bit pentru a \u00eembun\u0103t\u0103\u021bi \u00een continuare eficien\u021ba conversiei cu 0,7%25 \u00een compara\u021bie cu SPWM obi\u0219nuit.<\/p>\n","protected":false},"excerpt":{"rendered":"<p>Ningbo Deye Inverter Technology Co., Ltd., fondat\u0103 \u00een 2007, cu un capital social de 300 de milioane RMB, este una dintre \u00eentreprinderile de \u00eenalt\u0103 tehnologie&#8230;<\/p>\n","protected":false},"featured_media":19546,"comment_status":"open","ping_status":"closed","template":"","meta":{"om_disable_all_campaigns":false},"etheme_brands":[],"product_cat":[41,42],"product_tag":[],"class_list":{"0":"post-13785","1":"product","2":"type-product","3":"status-publish","4":"has-post-thumbnail","6":"product_cat-invertoare-deye","7":"product_cat-on-grid","9":"first","10":"instock","11":"shipping-taxable","12":"purchasable","13":"product-type-simple"},"yoast_head":"<!-- This site is optimized with the Yoast SEO plugin v26.4 - https:\/\/yoast.com\/wordpress\/plugins\/seo\/ -->\n<title>Invertor DEYE Ongrid 5kW Prosumator SUN-5K-G06P3 - Salut Energie<\/title>\n<meta name=\"robots\" content=\"index, follow, max-snippet:-1, max-image-preview:large, max-video-preview:-1\" \/>\n<link rel=\"canonical\" href=\"https:\/\/salutenergie.ro\/index.php\/product\/invertor-deye-ongrid-5kw-prosumator-sun-5k-g06p3\/\" \/>\n<meta property=\"og:locale\" content=\"ro_RO\" \/>\n<meta property=\"og:type\" content=\"article\" \/>\n<meta property=\"og:title\" content=\"Invertor DEYE Ongrid 5kW Prosumator SUN-5K-G06P3 - Salut Energie\" \/>\n<meta property=\"og:description\" content=\"Ningbo Deye Inverter Technology Co., Ltd., fondat\u0103 \u00een 2007, cu un capital social de 300 de milioane RMB, este una dintre \u00eentreprinderile de \u00eenalt\u0103 tehnologie...\" \/>\n<meta property=\"og:url\" content=\"https:\/\/salutenergie.ro\/index.php\/product\/invertor-deye-ongrid-5kw-prosumator-sun-5k-g06p3\/\" \/>\n<meta property=\"og:site_name\" content=\"Salut Energie\" \/>\n<meta property=\"og:image\" content=\"https:\/\/salutenergie.ro\/wp-content\/uploads\/2024\/07\/sun-3-12k-g05-3phase-deye-1.png\" \/>\n\t<meta property=\"og:image:width\" content=\"972\" \/>\n\t<meta property=\"og:image:height\" content=\"1080\" \/>\n\t<meta property=\"og:image:type\" content=\"image\/png\" \/>\n<meta name=\"twitter:card\" content=\"summary_large_image\" \/>\n<meta name=\"twitter:label1\" content=\"Timp estimat pentru citire\" \/>\n\t<meta name=\"twitter:data1\" content=\"1 minut\" \/>\n<script type=\"application\/ld+json\" class=\"yoast-schema-graph\">{\"@context\":\"https:\/\/schema.org\",\"@graph\":[{\"@type\":\"WebPage\",\"@id\":\"https:\/\/salutenergie.ro\/index.php\/product\/invertor-deye-ongrid-5kw-prosumator-sun-5k-g06p3\/\",\"url\":\"https:\/\/salutenergie.ro\/index.php\/product\/invertor-deye-ongrid-5kw-prosumator-sun-5k-g06p3\/\",\"name\":\"Invertor DEYE Ongrid 5kW Prosumator SUN-5K-G06P3 - Salut Energie\",\"isPartOf\":{\"@id\":\"https:\/\/salutenergie.ro\/#website\"},\"primaryImageOfPage\":{\"@id\":\"https:\/\/salutenergie.ro\/index.php\/product\/invertor-deye-ongrid-5kw-prosumator-sun-5k-g06p3\/#primaryimage\"},\"image\":{\"@id\":\"https:\/\/salutenergie.ro\/index.php\/product\/invertor-deye-ongrid-5kw-prosumator-sun-5k-g06p3\/#primaryimage\"},\"thumbnailUrl\":\"https:\/\/salutenergie.ro\/wp-content\/uploads\/2024\/07\/sun-3-12k-g05-3phase-deye-1.png\",\"datePublished\":\"2024-07-17T07:36:15+00:00\",\"breadcrumb\":{\"@id\":\"https:\/\/salutenergie.ro\/index.php\/product\/invertor-deye-ongrid-5kw-prosumator-sun-5k-g06p3\/#breadcrumb\"},\"inLanguage\":\"ro-RO\",\"potentialAction\":[{\"@type\":\"ReadAction\",\"target\":[\"https:\/\/salutenergie.ro\/index.php\/product\/invertor-deye-ongrid-5kw-prosumator-sun-5k-g06p3\/\"]}]},{\"@type\":\"ImageObject\",\"inLanguage\":\"ro-RO\",\"@id\":\"https:\/\/salutenergie.ro\/index.php\/product\/invertor-deye-ongrid-5kw-prosumator-sun-5k-g06p3\/#primaryimage\",\"url\":\"https:\/\/salutenergie.ro\/wp-content\/uploads\/2024\/07\/sun-3-12k-g05-3phase-deye-1.png\",\"contentUrl\":\"https:\/\/salutenergie.ro\/wp-content\/uploads\/2024\/07\/sun-3-12k-g05-3phase-deye-1.png\",\"width\":972,\"height\":1080},{\"@type\":\"BreadcrumbList\",\"@id\":\"https:\/\/salutenergie.ro\/index.php\/product\/invertor-deye-ongrid-5kw-prosumator-sun-5k-g06p3\/#breadcrumb\",\"itemListElement\":[{\"@type\":\"ListItem\",\"position\":1,\"name\":\"Home\",\"item\":\"https:\/\/salutenergie.ro\/\"},{\"@type\":\"ListItem\",\"position\":2,\"name\":\"Shop\",\"item\":\"https:\/\/salutenergie.ro\/index.php\/shop\/\"},{\"@type\":\"ListItem\",\"position\":3,\"name\":\"Invertor DEYE Ongrid 5kW Prosumator SUN-5K-G06P3\"}]},{\"@type\":\"WebSite\",\"@id\":\"https:\/\/salutenergie.ro\/#website\",\"url\":\"https:\/\/salutenergie.ro\/\",\"name\":\"Salut Energie\",\"description\":\"\",\"publisher\":{\"@id\":\"https:\/\/salutenergie.ro\/#organization\"},\"potentialAction\":[{\"@type\":\"SearchAction\",\"target\":{\"@type\":\"EntryPoint\",\"urlTemplate\":\"https:\/\/salutenergie.ro\/?s={search_term_string}\"},\"query-input\":{\"@type\":\"PropertyValueSpecification\",\"valueRequired\":true,\"valueName\":\"search_term_string\"}}],\"inLanguage\":\"ro-RO\"},{\"@type\":\"Organization\",\"@id\":\"https:\/\/salutenergie.ro\/#organization\",\"name\":\"Salut Energie\",\"url\":\"https:\/\/salutenergie.ro\/\",\"logo\":{\"@type\":\"ImageObject\",\"inLanguage\":\"ro-RO\",\"@id\":\"https:\/\/salutenergie.ro\/#\/schema\/logo\/image\/\",\"url\":\"https:\/\/salutenergie.ro\/wp-content\/uploads\/2024\/06\/logo.png\",\"contentUrl\":\"https:\/\/salutenergie.ro\/wp-content\/uploads\/2024\/06\/logo.png\",\"width\":773,\"height\":233,\"caption\":\"Salut Energie\"},\"image\":{\"@id\":\"https:\/\/salutenergie.ro\/#\/schema\/logo\/image\/\"}}]}<\/script>\n<!-- \/ Yoast SEO plugin. -->","yoast_head_json":{"title":"Invertor DEYE Ongrid 5kW Prosumator SUN-5K-G06P3 - Salut Energie","robots":{"index":"index","follow":"follow","max-snippet":"max-snippet:-1","max-image-preview":"max-image-preview:large","max-video-preview":"max-video-preview:-1"},"canonical":"https:\/\/salutenergie.ro\/index.php\/product\/invertor-deye-ongrid-5kw-prosumator-sun-5k-g06p3\/","og_locale":"ro_RO","og_type":"article","og_title":"Invertor DEYE Ongrid 5kW Prosumator SUN-5K-G06P3 - Salut Energie","og_description":"Ningbo Deye Inverter Technology Co., Ltd., fondat\u0103 \u00een 2007, cu un capital social de 300 de milioane RMB, este una dintre \u00eentreprinderile de \u00eenalt\u0103 tehnologie...","og_url":"https:\/\/salutenergie.ro\/index.php\/product\/invertor-deye-ongrid-5kw-prosumator-sun-5k-g06p3\/","og_site_name":"Salut Energie","og_image":[{"width":972,"height":1080,"url":"https:\/\/salutenergie.ro\/wp-content\/uploads\/2024\/07\/sun-3-12k-g05-3phase-deye-1.png","type":"image\/png"}],"twitter_card":"summary_large_image","twitter_misc":{"Timp estimat pentru citire":"1 minut"},"schema":{"@context":"https:\/\/schema.org","@graph":[{"@type":"WebPage","@id":"https:\/\/salutenergie.ro\/index.php\/product\/invertor-deye-ongrid-5kw-prosumator-sun-5k-g06p3\/","url":"https:\/\/salutenergie.ro\/index.php\/product\/invertor-deye-ongrid-5kw-prosumator-sun-5k-g06p3\/","name":"Invertor DEYE Ongrid 5kW Prosumator SUN-5K-G06P3 - Salut Energie","isPartOf":{"@id":"https:\/\/salutenergie.ro\/#website"},"primaryImageOfPage":{"@id":"https:\/\/salutenergie.ro\/index.php\/product\/invertor-deye-ongrid-5kw-prosumator-sun-5k-g06p3\/#primaryimage"},"image":{"@id":"https:\/\/salutenergie.ro\/index.php\/product\/invertor-deye-ongrid-5kw-prosumator-sun-5k-g06p3\/#primaryimage"},"thumbnailUrl":"https:\/\/salutenergie.ro\/wp-content\/uploads\/2024\/07\/sun-3-12k-g05-3phase-deye-1.png","datePublished":"2024-07-17T07:36:15+00:00","breadcrumb":{"@id":"https:\/\/salutenergie.ro\/index.php\/product\/invertor-deye-ongrid-5kw-prosumator-sun-5k-g06p3\/#breadcrumb"},"inLanguage":"ro-RO","potentialAction":[{"@type":"ReadAction","target":["https:\/\/salutenergie.ro\/index.php\/product\/invertor-deye-ongrid-5kw-prosumator-sun-5k-g06p3\/"]}]},{"@type":"ImageObject","inLanguage":"ro-RO","@id":"https:\/\/salutenergie.ro\/index.php\/product\/invertor-deye-ongrid-5kw-prosumator-sun-5k-g06p3\/#primaryimage","url":"https:\/\/salutenergie.ro\/wp-content\/uploads\/2024\/07\/sun-3-12k-g05-3phase-deye-1.png","contentUrl":"https:\/\/salutenergie.ro\/wp-content\/uploads\/2024\/07\/sun-3-12k-g05-3phase-deye-1.png","width":972,"height":1080},{"@type":"BreadcrumbList","@id":"https:\/\/salutenergie.ro\/index.php\/product\/invertor-deye-ongrid-5kw-prosumator-sun-5k-g06p3\/#breadcrumb","itemListElement":[{"@type":"ListItem","position":1,"name":"Home","item":"https:\/\/salutenergie.ro\/"},{"@type":"ListItem","position":2,"name":"Shop","item":"https:\/\/salutenergie.ro\/index.php\/shop\/"},{"@type":"ListItem","position":3,"name":"Invertor DEYE Ongrid 5kW Prosumator SUN-5K-G06P3"}]},{"@type":"WebSite","@id":"https:\/\/salutenergie.ro\/#website","url":"https:\/\/salutenergie.ro\/","name":"Salut Energie","description":"","publisher":{"@id":"https:\/\/salutenergie.ro\/#organization"},"potentialAction":[{"@type":"SearchAction","target":{"@type":"EntryPoint","urlTemplate":"https:\/\/salutenergie.ro\/?s={search_term_string}"},"query-input":{"@type":"PropertyValueSpecification","valueRequired":true,"valueName":"search_term_string"}}],"inLanguage":"ro-RO"},{"@type":"Organization","@id":"https:\/\/salutenergie.ro\/#organization","name":"Salut Energie","url":"https:\/\/salutenergie.ro\/","logo":{"@type":"ImageObject","inLanguage":"ro-RO","@id":"https:\/\/salutenergie.ro\/#\/schema\/logo\/image\/","url":"https:\/\/salutenergie.ro\/wp-content\/uploads\/2024\/06\/logo.png","contentUrl":"https:\/\/salutenergie.ro\/wp-content\/uploads\/2024\/06\/logo.png","width":773,"height":233,"caption":"Salut Energie"},"image":{"@id":"https:\/\/salutenergie.ro\/#\/schema\/logo\/image\/"}}]}},"_links":{"self":[{"href":"https:\/\/salutenergie.ro\/index.php\/wp-json\/wp\/v2\/product\/13785","targetHints":{"allow":["GET"]}}],"collection":[{"href":"https:\/\/salutenergie.ro\/index.php\/wp-json\/wp\/v2\/product"}],"about":[{"href":"https:\/\/salutenergie.ro\/index.php\/wp-json\/wp\/v2\/types\/product"}],"replies":[{"embeddable":true,"href":"https:\/\/salutenergie.ro\/index.php\/wp-json\/wp\/v2\/comments?post=13785"}],"version-history":[{"count":1,"href":"https:\/\/salutenergie.ro\/index.php\/wp-json\/wp\/v2\/product\/13785\/revisions"}],"predecessor-version":[{"id":19552,"href":"https:\/\/salutenergie.ro\/index.php\/wp-json\/wp\/v2\/product\/13785\/revisions\/19552"}],"wp:featuredmedia":[{"embeddable":true,"href":"https:\/\/salutenergie.ro\/index.php\/wp-json\/wp\/v2\/media\/19546"}],"wp:attachment":[{"href":"https:\/\/salutenergie.ro\/index.php\/wp-json\/wp\/v2\/media?parent=13785"}],"wp:term":[{"taxonomy":"brand","embeddable":true,"href":"https:\/\/salutenergie.ro\/index.php\/wp-json\/wp\/v2\/etheme_brands?post=13785"},{"taxonomy":"product_cat","embeddable":true,"href":"https:\/\/salutenergie.ro\/index.php\/wp-json\/wp\/v2\/product_cat?post=13785"},{"taxonomy":"product_tag","embeddable":true,"href":"https:\/\/salutenergie.ro\/index.php\/wp-json\/wp\/v2\/product_tag?post=13785"}],"curies":[{"name":"wp","href":"https:\/\/api.w.org\/{rel}","templated":true}]}}